{"id":329,"date":"2025-11-04T04:21:57","date_gmt":"2025-11-04T04:21:57","guid":{"rendered":"https:\/\/xedulich.saigontourist.net\/?page_id=329"},"modified":"2025-11-13T07:01:29","modified_gmt":"2025-11-13T07:01:29","slug":"lien-he","status":"publish","type":"page","link":"https:\/\/xedulich.saigontourist.net\/index.php\/lien-he\/","title":{"rendered":"Li\u00ean H\u1ec7"},"content":{"rendered":"\t\t<div data-elementor-type=\"wp-page\" data-elementor-id=\"329\" class=\"elementor elementor-329\">\n\t\t\t\t\t\t\t\t\t<section class=\"elementor-section elementor-top-section elementor-element elementor-element-9599be3 elementor-section-full_width elementor-section-height-default elementor-section-height-default\" data-id=\"9599be3\" data-element_type=\"section\">\n\t\t\t\t\t\t<div class=\"elementor-container elementor-column-gap-default\">\n\t\t\t\t\t<div class=\"elementor-column elementor-col-100 elementor-top-column elementor-element elementor-element-45a6195\" data-id=\"45a6195\" data-element_type=\"column\">\n\t\t\t<div class=\"elementor-widget-wrap elementor-element-populated\">\n\t\t\t\t\t\t\t\t<div class=\"elementor-element elementor-element-8953a48 elementor-widget__width-inherit elementor-arrows-position-inside elementor-pagination-position-outside elementor-widget elementor-widget-image-carousel\" data-id=\"8953a48\" data-element_type=\"widget\" data-settings=\"{&quot;slides_to_show&quot;:&quot;2&quot;,&quot;slides_to_scroll&quot;:&quot;1&quot;,&quot;navigation&quot;:&quot;both&quot;,&quot;autoplay&quot;:&quot;yes&quot;,&quot;pause_on_hover&quot;:&quot;yes&quot;,&quot;pause_on_interaction&quot;:&quot;yes&quot;,&quot;autoplay_speed&quot;:5000,&quot;infinite&quot;:&quot;yes&quot;,&quot;speed&quot;:500}\" data-widget_type=\"image-carousel.default\">\n\t\t\t\t<div class=\"elementor-widget-container\">\n\t\t\t<style>\/*! elementor - v3.14.0 - 18-06-2023 *\/\n.elementor-widget-image-carousel .swiper,.elementor-widget-image-carousel .swiper-container{position:static}.elementor-widget-image-carousel .swiper-container .swiper-slide figure,.elementor-widget-image-carousel .swiper .swiper-slide figure{line-height:inherit}.elementor-widget-image-carousel .swiper-slide{text-align:center}.elementor-image-carousel-wrapper:not(.swiper-container-initialized):not(.swiper-initialized) .swiper-slide{max-width:calc(100% \/ var(--e-image-carousel-slides-to-show, 3))}<\/style>\t\t<div class=\"elementor-image-carousel-wrapper swiper\" dir=\"ltr\">\n\t\t\t<div class=\"elementor-image-carousel swiper-wrapper\" aria-live=\"off\">\n\t\t\t\t\t\t\t\t<div class=\"swiper-slide\" role=\"group\" aria-roledescription=\"slide\" aria-label=\"1 of 3\"><figure class=\"swiper-slide-inner\"><img decoding=\"async\" class=\"swiper-slide-image\" src=\"https:\/\/xedulich.saigontourist.net\/wp-content\/uploads\/2024\/03\/60b8b87a2a2b8275db3a.jpg\" alt=\"60b8b87a2a2b8275db3a\" \/><\/figure><\/div><div class=\"swiper-slide\" role=\"group\" aria-roledescription=\"slide\" aria-label=\"2 of 3\"><figure class=\"swiper-slide-inner\"><img decoding=\"async\" class=\"swiper-slide-image\" src=\"https:\/\/xedulich.saigontourist.net\/wp-content\/uploads\/2024\/03\/8bffebe27cb3d4ed8da2.jpg\" alt=\"8bffebe27cb3d4ed8da2\" \/><\/figure><\/div><div class=\"swiper-slide\" role=\"group\" aria-roledescription=\"slide\" aria-label=\"3 of 3\"><figure class=\"swiper-slide-inner\"><img decoding=\"async\" class=\"swiper-slide-image\" src=\"https:\/\/xedulich.saigontourist.net\/wp-content\/uploads\/2024\/03\/ab49d90f485ee000b94f.jpg\" alt=\"ab49d90f485ee000b94f\" \/><\/figure><\/div>\t\t\t<\/div>\n\t\t\t\t\t\t\t\t\t\t\t\t<div class=\"elementor-swiper-button elementor-swiper-button-prev\" role=\"button\" tabindex=\"0\">\n\t\t\t\t\t\t<i aria-hidden=\"true\" class=\"eicon-chevron-left\"><\/i>\t\t\t\t\t<\/div>\n\t\t\t\t\t<div class=\"elementor-swiper-button elementor-swiper-button-next\" role=\"button\" tabindex=\"0\">\n\t\t\t\t\t\t<i aria-hidden=\"true\" class=\"eicon-chevron-right\"><\/i>\t\t\t\t\t<\/div>\n\t\t\t\t\n\t\t\t\t\t\t\t\t\t<div class=\"swiper-pagination\"><\/div>\n\t\t\t\t\t\t\t\t\t<\/div>\n\t\t\t\t<\/div>\n\t\t\t\t<\/div>\n\t\t\t\t\t<\/div>\n\t\t<\/div>\n\t\t\t\t\t\t\t<\/div>\n\t\t<\/section>\n\t\t\t\t<section class=\"elementor-section elementor-top-section elementor-element elementor-element-cf11890 elementor-section-boxed elementor-section-height-default elementor-section-height-default\" data-id=\"cf11890\" data-element_type=\"section\">\n\t\t\t\t\t\t<div class=\"elementor-container elementor-column-gap-default\">\n\t\t\t\t\t<div class=\"elementor-column elementor-col-50 elementor-top-column elementor-element elementor-element-c3f2544\" data-id=\"c3f2544\" data-element_type=\"column\">\n\t\t\t<div class=\"elementor-widget-wrap elementor-element-populated\">\n\t\t\t\t\t\t\t\t<div class=\"elementor-element elementor-element-0e5b31f elementor-widget elementor-widget-google_maps\" data-id=\"0e5b31f\" data-element_type=\"widget\" data-widget_type=\"google_maps.default\">\n\t\t\t\t<div class=\"elementor-widget-container\">\n\t\t\t<style>\/*! elementor - v3.14.0 - 18-06-2023 *\/\n.elementor-widget-google_maps .elementor-widget-container{overflow:hidden}.elementor-widget-google_maps .elementor-custom-embed{line-height:0}.elementor-widget-google_maps iframe{height:300px}<\/style>\t\t<div class=\"elementor-custom-embed\">\n\t\t\t<iframe loading=\"lazy\"\n\t\t\t\t\tsrc=\"https:\/\/maps.google.com\/maps?q=45%20L%C3%AA%20Th%C3%A1nh%20T%C3%B4n&#038;t=m&#038;z=13&#038;output=embed&#038;iwloc=near\"\n\t\t\t\t\ttitle=\"45 L\u00ea Th\u00e1nh T\u00f4n\"\n\t\t\t\t\taria-label=\"45 L\u00ea Th\u00e1nh T\u00f4n\"\n\t\t\t><\/iframe>\n\t\t<\/div>\n\t\t\t\t<\/div>\n\t\t\t\t<\/div>\n\t\t\t\t\t<\/div>\n\t\t<\/div>\n\t\t\t\t<div class=\"elementor-column elementor-col-50 elementor-top-column elementor-element elementor-element-ba5f367\" data-id=\"ba5f367\" data-element_type=\"column\">\n\t\t\t<div class=\"elementor-widget-wrap elementor-element-populated\">\n\t\t\t\t\t\t\t\t<div class=\"elementor-element elementor-element-8db6eeb elementor-widget elementor-widget-heading\" data-id=\"8db6eeb\" data-element_type=\"widget\" data-widget_type=\"heading.default\">\n\t\t\t\t<div class=\"elementor-widget-container\">\n\t\t\t<style>\/*! elementor - v3.14.0 - 18-06-2023 *\/\n.elementor-heading-title{padding:0;margin:0;line-height:1}.elementor-widget-heading .elementor-heading-title[class*=elementor-size-]>a{color:inherit;font-size:inherit;line-height:inherit}.elementor-widget-heading .elementor-heading-title.elementor-size-small{font-size:15px}.elementor-widget-heading .elementor-heading-title.elementor-size-medium{font-size:19px}.elementor-widget-heading .elementor-heading-title.elementor-size-large{font-size:29px}.elementor-widget-heading .elementor-heading-title.elementor-size-xl{font-size:39px}.elementor-widget-heading .elementor-heading-title.elementor-size-xxl{font-size:59px}<\/style><h2 class=\"elementor-heading-title elementor-size-large\">Th\u00f4ng Tin Li\u00ean H\u1ec7<\/h2>\t\t<\/div>\n\t\t\t\t<\/div>\n\t\t\t\t<div class=\"elementor-element elementor-element-346af7c elementor-widget elementor-widget-text-editor\" data-id=\"346af7c\" data-element_type=\"widget\" data-widget_type=\"text-editor.default\">\n\t\t\t\t<div class=\"elementor-widget-container\">\n\t\t\t<style>\/*! elementor - v3.14.0 - 18-06-2023 *\/\n.elementor-widget-text-editor.elementor-drop-cap-view-stacked .elementor-drop-cap{background-color:#69727d;color:#fff}.elementor-widget-text-editor.elementor-drop-cap-view-framed .elementor-drop-cap{color:#69727d;border:3px solid;background-color:transparent}.elementor-widget-text-editor:not(.elementor-drop-cap-view-default) .elementor-drop-cap{margin-top:8px}.elementor-widget-text-editor:not(.elementor-drop-cap-view-default) .elementor-drop-cap-letter{width:1em;height:1em}.elementor-widget-text-editor .elementor-drop-cap{float:left;text-align:center;line-height:1;font-size:50px}.elementor-widget-text-editor .elementor-drop-cap-letter{display:inline-block}<\/style>\t\t\t\t<div data-lark-html-role=\"root\"><p data-lark-html-role=\"root\">Vui l\u00f2ng li\u00ean h\u1ec7 tr\u1ef1c ti\u1ebfp b\u1ed9 ph\u1eadn ph\u1ee5 tr\u00e1ch thu\u00ea xe qua th\u00f4ng tin sau:<\/p><\/div>\t\t\t\t\t\t<\/div>\n\t\t\t\t<\/div>\n\t\t\t\t<div class=\"elementor-element elementor-element-924c94d elementor-widget elementor-widget-text-editor\" data-id=\"924c94d\" data-element_type=\"widget\" data-widget_type=\"text-editor.default\">\n\t\t\t\t<div class=\"elementor-widget-container\">\n\t\t\t\t\t\t\t<div data-lark-html-role=\"root\">\n<div data-lark-html-role=\"root\"><strong><span class=\"text-only\" data-eleid=\"9\">Mr.Ph\u01b0\u1edbc H\u1ea1nh<\/span><\/strong><\/div>\n<ul>\n<li data-lark-html-role=\"root\"><span class=\"text-only\" data-eleid=\"11\">S\u1ed1 \u0111i\u1ec7n tho\u1ea1i: <a class=\"text-is-phone-number\" data-z-element-type=\"phone-number\">0908180115<\/a><\/span><\/li>\n<li data-lark-html-role=\"root\">Email: phuochanh@saigontourist.net<\/li>\n<\/ul>\n<div data-lark-html-role=\"root\">\n<div data-lark-html-role=\"root\"><span class=\"text-only\" data-eleid=\"3\"><strong>Mr. Thanh Trung<\/strong> <\/span><\/div>\n<ul>\n<li data-lark-html-role=\"root\"><span class=\"text-only\" data-eleid=\"3\">S\u1ed1 \u0111i\u1ec7n tho\u1ea1i: 0936110285<\/span><\/li>\n<li data-lark-html-role=\"root\">Email: thanhtrung@saigontourist.net<\/li>\n<\/ul><div><div data-lark-html-role=\"root\"><span style=\"font-weight: bolder;\">Mr.Minh H\u1ed3ng<\/span><\/div><ul style=\"font-size: 20px; background-color: rgb(255, 255, 255);\"><li data-lark-html-role=\"root\" style=\"font-size: 20px;\"><span class=\"text-only\" data-eleid=\"5\">S\u1ed1 \u0111i\u1ec7n tho\u1ea1i: 0913808784<\/span><\/li><li data-lark-html-role=\"root\" style=\"font-size: 20px;\">Email:&nbsp;<span class=\"text-only\" data-eleid=\"10\">minhhong@saigontourist.net<\/span><\/li><\/ul><\/div>\n<\/div>\n<\/div>\t\t\t\t\t\t<\/div>\n\t\t\t\t<\/div>\n\t\t\t\t\t<\/div>\n\t\t<\/div>\n\t\t\t\t\t\t\t<\/div>\n\t\t<\/section>\n\t\t\t\t\t\t\t<\/div>\n\t\t","protected":false},"excerpt":{"rendered":"<p>Th\u00f4ng Tin Li\u00ean H\u1ec7 Vui l\u00f2ng li\u00ean h\u1ec7 tr\u1ef1c ti\u1ebfp b\u1ed9 ph\u1eadn ph\u1ee5 tr\u00e1ch thu\u00ea xe qua th\u00f4ng tin sau: Mr.Ph\u01b0\u1edbc H\u1ea1nh S\u1ed1 \u0111i\u1ec7n tho\u1ea1i: 0908180115 Email: phuochanh@saigontourist.net Mr. Thanh Trung S\u1ed1 \u0111i\u1ec7n tho\u1ea1i: 0936110285 Email: thanhtrung@saigontourist.net Mr.Minh H\u1ed3ng S\u1ed1 \u0111i\u1ec7n tho\u1ea1i: 0913808784 Email:&nbsp;minhhong@saigontourist.net<\/p>\n","protected":false},"author":1,"featured_media":0,"parent":0,"menu_order":0,"comment_status":"closed","ping_status":"closed","template":"elementor_header_footer","meta":{"footnotes":""},"class_list":["post-329","page","type-page","status-publish","hentry"],"_links":{"self":[{"href":"https:\/\/xedulich.saigontourist.net\/index.php\/wp-json\/wp\/v2\/pages\/329","targetHints":{"allow":["GET"]}}],"collection":[{"href":"https:\/\/xedulich.saigontourist.net\/index.php\/wp-json\/wp\/v2\/pages"}],"about":[{"href":"https:\/\/xedulich.saigontourist.net\/index.php\/wp-json\/wp\/v2\/types\/page"}],"author":[{"embeddable":true,"href":"https:\/\/xedulich.saigontourist.net\/index.php\/wp-json\/wp\/v2\/users\/1"}],"replies":[{"embeddable":true,"href":"https:\/\/xedulich.saigontourist.net\/index.php\/wp-json\/wp\/v2\/comments?post=329"}],"version-history":[{"count":50,"href":"https:\/\/xedulich.saigontourist.net\/index.php\/wp-json\/wp\/v2\/pages\/329\/revisions"}],"predecessor-version":[{"id":407,"href":"https:\/\/xedulich.saigontourist.net\/index.php\/wp-json\/wp\/v2\/pages\/329\/revisions\/407"}],"wp:attachment":[{"href":"https:\/\/xedulich.saigontourist.net\/index.php\/wp-json\/wp\/v2\/media?parent=329"}],"curies":[{"name":"wp","href":"https:\/\/api.w.org\/{rel}","templated":true}]}}